{"id":26,"date":"2025-02-09T20:28:52","date_gmt":"2025-02-09T20:28:52","guid":{"rendered":"https:\/\/amapolaazul.com.py\/index.php\/colibri-wp\/"},"modified":"2025-03-10T00:50:43","modified_gmt":"2025-03-10T00:50:43","slug":"colibri-wp","status":"publish","type":"page","link":"https:\/\/amapolaazul.com.py\/","title":{"rendered":"Front Page"},"content":{"rendered":"<div data-colibri-id=\"26-c1\" class=\"style-193 style-local-26-c1 position-relative\">\n  <!---->\n  <div data-colibri-component=\"section\" data-colibri-id=\"26-c2\" id=\"overlappable\" class=\"h-section h-section-global-spacing d-flex align-items-lg-center align-items-md-center align-items-center style-194 style-local-26-c2 position-relative\">\n    <!---->\n    <!---->\n    <div class=\"h-section-grid-container h-section-boxed-container\">\n      <!---->\n      <div data-colibri-id=\"26-c3\" class=\"h-row-container gutters-row-lg-0 gutters-row-md-0 gutters-row-2 gutters-row-v-lg-0 gutters-row-v-md-0 gutters-row-v-2 style-195 style-local-26-c3 position-relative\">\n        <!---->\n        <div class=\"h-row justify-content-lg-center justify-content-md-center justify-content-center align-items-lg-stretch align-items-md-stretch align-items-stretch gutters-col-lg-0 gutters-col-md-0 gutters-col-2 gutters-col-v-lg-0 gutters-col-v-md-0 gutters-col-v-2\">\n          <!---->\n          <div class=\"h-column h-column-container d-flex h-col-lg-4 h-col-md-4 h-col-12 style-196-outer style-local-26-c4-outer\">\n            <div data-colibri-id=\"26-c4\" class=\"d-flex h-flex-basis h-column__inner h-px-lg-3 h-px-md-3 h-px-2 v-inner-lg-3 v-inner-md-3 v-inner-2 style-196 style-local-26-c4 position-relative\">\n              <!---->\n              <!---->\n              <div class=\"w-100 h-y-container h-column__content h-column__v-align flex-basis-100 align-self-lg-start align-self-md-start align-self-start\">\n                <!---->\n                <div data-colibri-id=\"26-c5\" class=\"h-icon style-197 style-local-26-c5 position-relative h-element\">\n                  <!----><span class=\"h-svg-icon h-icon__icon style-197-icon style-local-26-c5-icon\"><!--Icon by Font Awesome (https:\/\/fontawesome.com)-->\n    <svg version=\"1.1\" xmlns=\"http:\/\/www.w3.org\/2000\/svg\" xmlns:xlink=\"http:\/\/www.w3.org\/1999\/xlink\" id=\"gift\" viewBox=\"0 0 1536 1896.0833\">\n      <path d=\"M928 1356V640H608v716q0 25 18 38.5t46 13.5h192q28 0 46-13.5t18-38.5zM472 512h195L541 351q-26-31-69-31-40 0-68 28t-28 68 28 68 68 28zm688-96q0-40-28-68t-68-28q-43 0-69 31L870 512h194q40 0 68-28t28-68zm376 256v320q0 14-9 23t-23 9h-96v416q0 40-28 68t-68 28H224q-40 0-68-28t-28-68v-416H32q-14 0-23-9t-9-23V672q0-14 9-23t23-9h440q-93 0-158.5-65.5T248 416t65.5-158.5T472 192q107 0 168 77l128 165 128-165q61-77 168-77 93 0 158.5 65.5T1288 416t-65.5 158.5T1064 640h440q14 0 23 9t9 23z\"><\/path>\n    <\/svg><\/span><\/div>\n                <div data-colibri-id=\"26-c6\" class=\"h-global-transition-all h-heading style-198 style-local-26-c6 position-relative h-element\">\n                  <!---->\n                  <div class=\"h-heading__outer style-198 style-local-26-c6\">\n                    <!---->\n                    <!---->\n                    <h5 class=\"\">Regalos y detalles: <\/h5>\n                  <\/div>\n                <\/div>\n                <div data-colibri-id=\"26-c7\" class=\"h-text h-text-component style-199 style-local-26-c7 position-relative h-element\">\n                  <!---->\n                  <!---->\n                  <div class=\"\">\n                    <p>Podemos realizar todo tipo de composiciones adaptadas a cada ocasi\u00f3n especial. Y debido a que estas flores no necesitan agua ni sol el presente lo puedes enviar a cualquier parte del pa\u00eds.<\/p>\n                  <\/div>\n                <\/div>\n                <div data-colibri-id=\"26-c8\" class=\"h-x-container style-200 style-local-26-c8 position-relative h-element\">\n                  <!---->\n                  <div class=\"h-x-container-inner style-dynamic-26-c8-group style-200-spacing style-local-26-c8-spacing\"><span class=\"h-link__outer style-201-outer style-local-26-c9-outer d-inline-flex h-element\"><a h-use-smooth-scroll=\"true\" href=\"https:\/\/www.instagram.com\/amapolaazulpy?igsh=YjB5cWVlY2NmYjd3\"  data-colibri-id=\"26-c9\" class=\"d-flex w-100 align-items-center h-link style-201 style-local-26-c9 position-relative\"><!----><!----> <span>Read more<\/span>                    <span class=\"h-svg-icon h-link__icon style-201-icon style-local-26-c9-icon\"><!--Icon by Icons8 Line Awesome (https:\/\/icons8.com\/line-awesome)--><svg version=\"1.1\" xmlns=\"http:\/\/www.w3.org\/2000\/svg\" xmlns:xlink=\"http:\/\/www.w3.org\/1999\/xlink\" id=\"angle-double-right\" viewBox=\"0 0 512 545.5\"><path d=\"M145.5 108.5l168 168L325 288l-11.5 11.5-168 168-22.5-23L279.5 288 123 131.5zm112 0l168 168L437 288l-11.5 11.5-168 168-22.5-23L391.5 288 235 131.5z\"><\/path><\/svg><\/span><\/a>\n                    <\/span>\n                  <\/div>\n                <\/div>\n              <\/div>\n            <\/div>\n          <\/div>\n          <div class=\"h-column h-column-container d-flex h-col-lg-4 h-col-md-4 h-col-12 style-196-outer style-local-26-c10-outer\">\n            <div data-colibri-id=\"26-c10\" class=\"d-flex h-flex-basis h-column__inner h-px-lg-3 h-px-md-3 h-px-2 v-inner-lg-3 v-inner-md-3 v-inner-2 style-196 style-local-26-c10 position-relative\">\n              <!---->\n              <!---->\n              <div class=\"w-100 h-y-container h-column__content h-column__v-align flex-basis-100 align-self-lg-start align-self-md-start align-self-start\">\n                <!---->\n                <div data-colibri-id=\"26-c11\" class=\"h-icon style-197 style-local-26-c11 position-relative h-element\">\n                  <!----><span class=\"h-svg-icon h-icon__icon style-197-icon style-local-26-c11-icon\"><!--Icon by Font Awesome (https:\/\/fontawesome.com)-->\n    <svg version=\"1.1\" xmlns=\"http:\/\/www.w3.org\/2000\/svg\" xmlns:xlink=\"http:\/\/www.w3.org\/1999\/xlink\" id=\"truck\" viewBox=\"0 0 1792 1896.0833\">\n      <path d=\"M640 1408q0-52-38-90t-90-38-90 38-38 90 38 90 90 38 90-38 38-90zM256 896h384V640H482q-13 0-22 9L265 844q-9 9-9 22v30zm1280 512q0-52-38-90t-90-38-90 38-38 90 38 90 90 38 90-38 38-90zm256-1088v1024q0 15-4 26.5t-13.5 18.5-16.5 11.5-23.5 6-22.5 2-25.5 0-22.5-.5q0 106-75 181t-181 75-181-75-75-181H768q0 106-75 181t-181 75-181-75-75-181h-64q-3 0-22.5.5t-25.5 0-22.5-2-23.5-6-16.5-11.5-13.5-18.5-4-26.5q0-26 19-45t45-19V960q0-8-.5-35t0-38 2.5-34.5 6.5-37 14-30.5 22.5-30l198-198q19-19 50.5-32t58.5-13h160V320q0-26 19-45t45-19h1024q26 0 45 19t19 45z\"><\/path>\n    <\/svg><\/span><\/div>\n                <div data-colibri-id=\"26-c12\" class=\"h-global-transition-all h-heading style-198 style-local-26-c12 position-relative h-element\">\n                  <!---->\n                  <div class=\"h-heading__outer style-198 style-local-26-c12\">\n                    <!---->\n                    <!---->\n                    <h5 class=\"\">Ramos de novia:<\/h5>\n                  <\/div>\n                <\/div>\n                <div data-colibri-id=\"26-c13\" class=\"h-text h-text-component style-199 style-local-26-c13 position-relative h-element\">\n                  <!---->\n                  <!---->\n                  <div class=\"\">\n                    <p>En tu d\u00eda so\u00f1ado disfruta de un ramo \u00fanico y especial, dise\u00f1ado exclusivamente para ti. Con la durabilidad de las flores preservadas, evitando as\u00ed el deterioro con el paso del tiempo y conservando as\u00ed su belleza y frescura a trav\u00e9s\n                      de los a\u00f1os. Tambi\u00e9n realizamos las coronitas para las ni\u00f1as, pulseras para las damas de honor, prendido para el novio y todo lo que puedas necesitar.<\/p>\n                  <\/div>\n                <\/div>\n                <div data-colibri-id=\"26-c14\" class=\"h-x-container style-200 style-local-26-c14 position-relative h-element\">\n                  <!---->\n                  <div class=\"h-x-container-inner style-dynamic-26-c14-group style-200-spacing style-local-26-c14-spacing\"><span class=\"h-link__outer style-201-outer style-local-26-c15-outer d-inline-flex h-element\"><a h-use-smooth-scroll=\"true\" href=\"https:\/\/www.instagram.com\/amapolaazulpy?igsh=YjB5cWVlY2NmYjd3\"  data-colibri-id=\"26-c15\" class=\"d-flex w-100 align-items-center h-link style-201 style-local-26-c15 position-relative\"><!----><!----> <span>Read more<\/span>                    <span class=\"h-svg-icon h-link__icon style-201-icon style-local-26-c15-icon\"><!--Icon by Icons8 Line Awesome (https:\/\/icons8.com\/line-awesome)--><svg version=\"1.1\" xmlns=\"http:\/\/www.w3.org\/2000\/svg\" xmlns:xlink=\"http:\/\/www.w3.org\/1999\/xlink\" id=\"angle-double-right\" viewBox=\"0 0 512 545.5\"><path d=\"M145.5 108.5l168 168L325 288l-11.5 11.5-168 168-22.5-23L279.5 288 123 131.5zm112 0l168 168L437 288l-11.5 11.5-168 168-22.5-23L391.5 288 235 131.5z\"><\/path><\/svg><\/span><\/a>\n                    <\/span>\n                  <\/div>\n                <\/div>\n              <\/div>\n            <\/div>\n          <\/div>\n          <div class=\"h-column h-column-container d-flex h-col-lg-4 h-col-md-4 h-col-12 style-196-outer style-local-26-c16-outer\">\n            <div data-colibri-id=\"26-c16\" class=\"d-flex h-flex-basis h-column__inner h-px-lg-3 h-px-md-3 h-px-2 v-inner-lg-3 v-inner-md-3 v-inner-2 style-196 style-local-26-c16 position-relative\">\n              <!---->\n              <!---->\n              <div class=\"w-100 h-y-container h-column__content h-column__v-align flex-basis-100 align-self-lg-start align-self-md-start align-self-start\">\n                <!---->\n                <div data-colibri-id=\"26-c17\" class=\"h-icon style-197 style-local-26-c17 position-relative h-element\">\n                  <!----><span class=\"h-svg-icon h-icon__icon style-197-icon style-local-26-c17-icon\"><!--Icon by Font Awesome (https:\/\/fontawesome.com)-->\n    <svg version=\"1.1\" xmlns=\"http:\/\/www.w3.org\/2000\/svg\" xmlns:xlink=\"http:\/\/www.w3.org\/1999\/xlink\" id=\"money\" viewBox=\"0 0 1920 1896.0833\">\n      <path d=\"M768 1152h384v-96h-128V608H910L762 745l77 80q42-37 55-57h2v288H768v96zm512-256q0 70-21 142t-59.5 134-101.5 101-138 39-138-39-101.5-101-59.5-134-21-142 21-142 59.5-134T822 519t138-39 138 39 101.5 101 59.5 134 21 142zm512 256V640q-106 0-181-75t-75-181H384q0 106-75 181t-181 75v512q106 0 181 75t75 181h1152q0-106 75-181t181-75zm128-832v1152q0 26-19 45t-45 19H64q-26 0-45-19t-19-45V320q0-26 19-45t45-19h1792q26 0 45 19t19 45z\"><\/path>\n    <\/svg><\/span><\/div>\n                <div data-colibri-id=\"26-c18\" class=\"h-global-transition-all h-heading style-198 style-local-26-c18 position-relative h-element\">\n                  <!---->\n                  <div class=\"h-heading__outer style-198 style-local-26-c18\">\n                    <!---->\n                    <!---->\n                    <h5 class=\"\">Suscripci\u00f3n floral: <\/h5>\n                  <\/div>\n                <\/div>\n                <div data-colibri-id=\"26-c19\" class=\"h-text h-text-component style-199 style-local-26-c19 position-relative h-element\">\n                  <!---->\n                  <!---->\n                  <div class=\"\">\n                    <p>Recibe cada 3 meses un arreglo floral preservado acorde a la estaci\u00f3n para decorar el ambiente que desees. Es ideal para comercios y empresas. \u00bfTe imaginas tu negocio lleno de flores?&nbsp;\u00bfY adem\u00e1s de ello cuidando el planeta?.&nbsp;<\/p>\n                  <\/div>\n                <\/div>\n                <div data-colibri-id=\"26-c20\" class=\"h-x-container style-200 style-local-26-c20 position-relative h-element\">\n                  <!---->\n                  <div class=\"h-x-container-inner style-dynamic-26-c20-group style-200-spacing style-local-26-c20-spacing\"><span class=\"h-link__outer style-201-outer style-local-26-c21-outer d-inline-flex h-element\"><a h-use-smooth-scroll=\"true\" href=\"https:\/\/www.instagram.com\/amapolaazulpy?igsh=YjB5cWVlY2NmYjd3\"  data-colibri-id=\"26-c21\" class=\"d-flex w-100 align-items-center h-link style-201 style-local-26-c21 position-relative\"><!----><!----> <span>Read more<\/span>                    <span class=\"h-svg-icon h-link__icon style-201-icon style-local-26-c21-icon\"><!--Icon by Icons8 Line Awesome (https:\/\/icons8.com\/line-awesome)--><svg version=\"1.1\" xmlns=\"http:\/\/www.w3.org\/2000\/svg\" xmlns:xlink=\"http:\/\/www.w3.org\/1999\/xlink\" id=\"angle-double-right\" viewBox=\"0 0 512 545.5\"><path d=\"M145.5 108.5l168 168L325 288l-11.5 11.5-168 168-22.5-23L279.5 288 123 131.5zm112 0l168 168L437 288l-11.5 11.5-168 168-22.5-23L391.5 288 235 131.5z\"><\/path><\/svg><\/span><\/a>\n                    <\/span>\n                  <\/div>\n                <\/div>\n              <\/div>\n            <\/div>\n          <\/div>\n        <\/div>\n      <\/div>\n    <\/div>\n  <\/div>\n  <div data-colibri-component=\"section\" data-colibri-id=\"26-c22\" id=\"about\" class=\"h-section h-section-global-spacing d-flex align-items-lg-center align-items-md-center align-items-center style-232 style-local-26-c22 position-relative\">\n    <!---->\n    <!---->\n    <div class=\"h-section-grid-container h-section-boxed-container\">\n      <!---->\n      <div data-colibri-id=\"26-c23\" class=\"h-row-container gutters-row-lg-0 gutters-row-md-0 gutters-row-0 gutters-row-v-lg-0 gutters-row-v-md-0 gutters-row-v-0 style-233 style-local-26-c23 position-relative\">\n        <!---->\n        <div class=\"h-row justify-content-lg-center justify-content-md-center justify-content-center align-items-lg-stretch align-items-md-stretch align-items-stretch gutters-col-lg-0 gutters-col-md-0 gutters-col-0 gutters-col-v-lg-0 gutters-col-v-md-0 gutters-col-v-0\">\n          <!---->\n          <div class=\"h-column h-column-container d-flex h-col-lg-auto h-col-md-auto h-col-auto style-234-outer style-local-26-c24-outer\">\n            <div data-colibri-id=\"26-c24\" class=\"d-flex h-flex-basis h-column__inner h-px-lg-0 h-px-md-0 h-px-0 v-inner-lg-0 v-inner-md-0 v-inner-0 style-234 style-local-26-c24 position-relative\">\n              <!---->\n              <!---->\n              <div class=\"w-100 h-y-container h-column__content h-column__v-align flex-basis-100 align-self-lg-start align-self-md-start align-self-start\">\n                <!---->\n                <div data-colibri-id=\"26-c25\" class=\"d-block style-239 style-local-26-c25 position-relative h-element\">\n                  <!---->\n                  <div class=\"h-image__frame-container-outer\">\n                    <div class=\"h-image__frame-container\">\n                      <!---->\n                      <!---->\n                      <img loading=\"lazy\" decoding=\"async\" width=\"998\" height=\"1001\" src=\"https:\/\/amapolaazul.com.py\/wp-content\/uploads\/2025\/03\/cropped-amapola_regalo.jpg\" class=\"wp-image-235 style-239-image style-local-26-c25-image\" alt=\"\" srcset=\"https:\/\/amapolaazul.com.py\/wp-content\/uploads\/2025\/03\/cropped-amapola_regalo.jpg 998w, https:\/\/amapolaazul.com.py\/wp-content\/uploads\/2025\/03\/cropped-amapola_regalo-300x300.jpg 300w, https:\/\/amapolaazul.com.py\/wp-content\/uploads\/2025\/03\/cropped-amapola_regalo-150x150.jpg 150w, https:\/\/amapolaazul.com.py\/wp-content\/uploads\/2025\/03\/cropped-amapola_regalo-768x770.jpg 768w\" sizes=\"auto, (max-width: 998px) 100vw, 998px\" \/>\n                      <div class=\"h-image__frame h-hide-lg h-hide-md h-hide-sm style-239-frameImage style-local-26-c25-frameImage\"><\/div>\n                    <\/div>\n                  <\/div>\n                <\/div>\n              <\/div>\n            <\/div>\n          <\/div>\n          <div class=\"h-column h-column-container d-flex h-col-lg-auto h-col-md-auto h-col-auto style-235-outer style-local-26-c26-outer\">\n            <div data-colibri-id=\"26-c26\" class=\"d-flex h-flex-basis h-column__inner h-px-lg-2 h-px-md-2 h-px-2 v-inner-lg-2 v-inner-md-2 v-inner-2 style-235 style-local-26-c26 position-relative\">\n              <!---->\n              <!---->\n              <div class=\"w-100 h-y-container h-column__content h-column__v-align flex-basis-100 align-self-lg-start align-self-md-start align-self-start\">\n                <!---->\n                <div data-colibri-id=\"26-c27\" class=\"h-global-transition-all h-heading style-237 style-local-26-c27 position-relative h-element\">\n                  <!---->\n                  <div class=\"h-heading__outer style-237 style-local-26-c27\">\n                    <!---->\n                    <!---->\n                    <h2 class=\"\">\u00bfQu\u00e9 son las flores preservadas?<\/h2>\n                  <\/div>\n                <\/div>\n                <div data-colibri-id=\"26-c28\" class=\"h-text h-text-component style-238 style-local-26-c28 position-relative h-element\">\n                  <!---->\n                  <!---->\n                  <div class=\"\">\n                    <p>Las flores preservadas son flores naturales que luego de ser cosechadas, son sometidas a un proceso qu\u00edmico en donde son hidratadas con una sustancia preservante biodegradable no t\u00f3xica y 100% ecol\u00f3gica, con la que se logra alargar\n                      la duraci\u00f3n de las mismas. Es por ello que las flores preservadas no necesitan agua ni luz solar, y su belleza y frescura durar\u00e1 por m\u00e1s tiempo.<\/p>\n                  <\/div>\n                <\/div>\n              <\/div>\n            <\/div>\n          <\/div>\n        <\/div>\n      <\/div>\n    <\/div>\n  <\/div>\n  <div data-colibri-component=\"section\" data-colibri-id=\"26-c29\" id=\"custom\" class=\"h-section h-section-global-spacing d-flex align-items-lg-center align-items-md-center align-items-center style-207 style-local-26-c29 position-relative\">\n    <!---->\n    <!---->\n    <div class=\"h-section-grid-container h-section-boxed-container\">\n      <!---->\n      <div data-colibri-id=\"26-c30\" class=\"h-row-container gutters-row-lg-2 gutters-row-md-2 gutters-row-0 gutters-row-v-lg-2 gutters-row-v-md-2 gutters-row-v-2 style-208 style-local-26-c30 position-relative\">\n        <!---->\n        <div class=\"h-row justify-content-lg-center justify-content-md-center justify-content-center align-items-lg-stretch align-items-md-stretch align-items-stretch gutters-col-lg-2 gutters-col-md-2 gutters-col-0 gutters-col-v-lg-2 gutters-col-v-md-2 gutters-col-v-2\">\n          <!---->\n          <div class=\"h-column h-column-container d-flex h-col-lg-auto h-col-md-auto h-col-auto style-209-outer style-local-26-c31-outer\">\n            <div data-colibri-id=\"26-c31\" class=\"d-flex h-flex-basis h-column__inner h-ui-empty-state-container h-px-lg-2 h-px-md-2 h-px-2 v-inner-lg-2 v-inner-md-2 v-inner-2 style-209 style-local-26-c31 position-relative\">\n              <!---->\n              <!---->\n              <div class=\"w-100 h-y-container h-column__content h-column__v-align flex-basis-100\">\n                <!---->\n              <\/div>\n            <\/div>\n          <\/div>\n          <div class=\"h-column h-column-container d-flex h-col-lg-auto h-col-md-auto h-col-auto style-210-outer style-local-26-c32-outer\">\n            <div data-colibri-id=\"26-c32\" class=\"d-flex h-flex-basis h-column__inner h-px-lg-2 h-px-md-2 h-px-2 v-inner-lg-2 v-inner-md-2 v-inner-2 style-210 style-local-26-c32 position-relative\">\n              <!---->\n              <!---->\n              <div class=\"w-100 h-y-container h-column__content h-column__v-align flex-basis-100 align-self-lg-start align-self-md-start align-self-start\">\n                <!---->\n                <div data-colibri-id=\"26-c33\" class=\"h-x-container style-240 style-local-26-c33 position-relative h-element\">\n                  <!---->\n                  <div class=\"h-x-container-inner style-dynamic-26-c33-group style-240-spacing style-local-26-c33-spacing\"><span class=\"h-link__outer style-241-outer style-local-26-c34-outer d-inline-flex h-element\"><a h-use-smooth-scroll=\"true\" href=\"https:\/\/www.instagram.com\/amapolaazulpy?igsh=YjB5cWVlY2NmYjd3\"  data-colibri-id=\"26-c34\" class=\"d-flex w-100 align-items-center h-link style-241 style-local-26-c34 position-relative\"><!----><span  class=\"h-svg-icon h-link__icon style-241-icon style-local-26-c34-icon\"><!--Icon by Font Awesome (https:\/\/fontawesome.com)-->\n    <svg version=\"1.1\" xmlns=\"http:\/\/www.w3.org\/2000\/svg\" xmlns:xlink=\"http:\/\/www.w3.org\/1999\/xlink\" id=\"instagram\" viewBox=\"0 0 1536 1896.0833\">\n      <path d=\"M1024 896q0-106-75-181t-181-75-181 75-75 181 75 181 181 75 181-75 75-181zm138 0q0 164-115 279t-279 115-279-115-115-279 115-279 279-115 279 115 115 279zm108-410q0 38-27 65t-65 27-65-27-27-65 27-65 65-27 65 27 27 65zM768 266q-7 0-76.5-.5t-105.5 0-96.5 3-103 10T315 297q-50 20-88 58t-58 88q-11 29-18.5 71.5t-10 103-3 96.5 0 105.5.5 76.5-.5 76.5 0 105.5 3 96.5 10 103T169 1349q20 50 58 88t88 58q29 11 71.5 18.5t103 10 96.5 3 105.5 0 76.5-.5 76.5.5 105.5 0 96.5-3 103-10 71.5-18.5q50-20 88-58t58-88q11-29 18.5-71.5t10-103 3-96.5 0-105.5-.5-76.5.5-76.5 0-105.5-3-96.5-10-103T1367 443q-20-50-58-88t-88-58q-29-11-71.5-18.5t-103-10-96.5-3-105.5 0-76.5.5zm768 630q0 229-5 317-10 208-124 322t-322 124q-88 5-317 5t-317-5q-208-10-322-124T5 1213q-5-88-5-317t5-317q10-208 124-322t322-124q88-5 317-5t317 5q208 10 322 124t124 322q5 88 5 317z\"><\/path>\n    <\/svg><\/span> <span>Seguinos en Instagram<\/span><\/a>\n                    <\/span>\n                  <\/div>\n                <\/div>\n                <div data-colibri-id=\"26-c37\" class=\"h-x-container style-242 style-local-26-c37 position-relative h-element\">\n                  <!---->\n                  <div class=\"h-x-container-inner style-dynamic-26-c37-group style-242-spacing style-local-26-c37-spacing\"><span class=\"h-link__outer style-243-outer style-local-26-c38-outer d-inline-flex h-element\"><a h-use-smooth-scroll=\"true\" href=\"https:\/\/api.whatsapp.com\/send\/?phone=595975292759&amp;text&amp;type=phone_number&amp;app_absent=0&amp;wame_ctl=1\"  data-colibri-id=\"26-c38\" class=\"d-flex w-100 align-items-center h-link style-243 style-local-26-c38 position-relative\"><!----><span  class=\"h-svg-icon h-link__icon style-243-icon style-local-26-c38-icon\"><!--Icon by Font Awesome (https:\/\/fontawesome.com)-->\n    <svg version=\"1.1\" xmlns=\"http:\/\/www.w3.org\/2000\/svg\" xmlns:xlink=\"http:\/\/www.w3.org\/1999\/xlink\" id=\"whatsapp\" viewBox=\"0 0 1536 1896.0833\">\n      <path d=\"M985 974q13 0 97.5 44t89.5 53q2 5 2 15 0 33-17 76-16 39-71 65.5T984 1254q-57 0-190-62-98-45-170-118T476 889q-72-107-71-194v-8q3-91 74-158 24-22 52-22 6 0 18 1.5t19 1.5q19 0 26.5 6.5T610 544q8 20 33 88t25 75q0 21-34.5 57.5T599 811q0 7 5 15 34 73 102 137 56 53 151 101 12 7 22 7 15 0 54-48.5t52-48.5zm-203 530q127 0 243.5-50t200.5-134 134-200.5 50-243.5-50-243.5T1226 432t-200.5-134T782 248t-243.5 50T338 432 204 632.5 154 876q0 203 120 368l-79 233 242-77q158 104 345 104zm0-1382q153 0 292.5 60T1315 343t161 240.5 60 292.5-60 292.5-161 240.5-240.5 161-292.5 60q-195 0-365-94L0 1670l136-405Q28 1087 28 876q0-153 60-292.5T249 343t240.5-161T782 122z\"><\/path>\n    <\/svg><\/span> <span>0975292759<\/span><\/a>\n                    <\/span>\n                  <\/div>\n                <\/div>\n                <div data-colibri-id=\"26-c35\" class=\"h-text h-text-component style-212 style-local-26-c35 position-relative h-element\">\n                  <!---->\n                  <!---->\n                  <div class=\"\">\n                    <h5>Informaci\u00f3n de la tienda<\/h5>\n                    <p>Encarnaci\u00f3n\n                      <br>\n                    <\/p>\n                    <p>\n                      <a href=\"mailto:info@tiendamovil.com.py\">info@amapolaazul.com.py<\/a>\n                    <\/p>\n                  <\/div>\n                <\/div>\n              <\/div>\n            <\/div>\n          <\/div>\n          <div class=\"h-column h-column-container d-flex h-col-lg-auto h-col-md-auto h-col-auto style-211-outer style-local-26-c36-outer\">\n            <div data-colibri-id=\"26-c36\" class=\"d-flex h-flex-basis h-column__inner h-ui-empty-state-container h-px-lg-2 h-px-md-2 h-px-2 v-inner-lg-2 v-inner-md-2 v-inner-2 style-211 style-local-26-c36 position-relative\">\n              <!---->\n              <!---->\n              <div class=\"w-100 h-y-container h-column__content h-column__v-align flex-basis-100\">\n                <!---->\n              <\/div>\n            <\/div>\n          <\/div>\n        <\/div>\n      <\/div>\n    <\/div>\n  <\/div>\n<\/div>","protected":false},"excerpt":{"rendered":"<p>Regalos y detalles: Podemos realizar todo tipo de composiciones adaptadas a cada ocasi\u00f3n especial. Y debido a que estas flores no necesitan agua ni sol el presente lo puedes enviar a cualquier parte del pa\u00eds. Read more Ramos de novia: En tu d\u00eda so\u00f1ado disfruta de un ramo \u00fanico y especial, dise\u00f1ado exclusivamente para ti. [&hellip;]<\/p>\n","protected":false},"author":1,"featured_media":0,"parent":0,"menu_order":0,"comment_status":"closed","ping_status":"closed","template":"page-templates\/homepage.php","meta":{"footnotes":""},"class_list":["post-26","page","type-page","status-publish","hentry"],"_links":{"self":[{"href":"https:\/\/amapolaazul.com.py\/index.php\/wp-json\/wp\/v2\/pages\/26","targetHints":{"allow":["GET"]}}],"collection":[{"href":"https:\/\/amapolaazul.com.py\/index.php\/wp-json\/wp\/v2\/pages"}],"about":[{"href":"https:\/\/amapolaazul.com.py\/index.php\/wp-json\/wp\/v2\/types\/page"}],"author":[{"embeddable":true,"href":"https:\/\/amapolaazul.com.py\/index.php\/wp-json\/wp\/v2\/users\/1"}],"replies":[{"embeddable":true,"href":"https:\/\/amapolaazul.com.py\/index.php\/wp-json\/wp\/v2\/comments?post=26"}],"version-history":[{"count":15,"href":"https:\/\/amapolaazul.com.py\/index.php\/wp-json\/wp\/v2\/pages\/26\/revisions"}],"predecessor-version":[{"id":262,"href":"https:\/\/amapolaazul.com.py\/index.php\/wp-json\/wp\/v2\/pages\/26\/revisions\/262"}],"wp:attachment":[{"href":"https:\/\/amapolaazul.com.py\/index.php\/wp-json\/wp\/v2\/media?parent=26"}],"curies":[{"name":"wp","href":"https:\/\/api.w.org\/{rel}","templated":true}]}}